{"id":138837,"date":"2021-03-26T15:45:32","date_gmt":"2021-03-26T14:45:32","guid":{"rendered":"https:\/\/soggle.com\/nachhaltigkeit\/"},"modified":"2021-03-29T11:24:05","modified_gmt":"2021-03-29T09:24:05","slug":"sustainability","status":"publish","type":"page","link":"https:\/\/soggle.com\/en\/sustainability\/","title":{"rendered":"Sustainability"},"content":{"rendered":"<div class=\"wpb-content-wrapper\"><p>[vc_row css_animation=&#8221;&#8221; row_type=&#8221;row&#8221; use_row_as_full_screen_section=&#8221;no&#8221; type=&#8221;grid&#8221; angled_section=&#8221;no&#8221; text_align=&#8221;left&#8221; background_image_as_pattern=&#8221;without_pattern&#8221; anchor=&#8221;merchandising&#8221; background_color=&#8221;#ffffff&#8221; padding_top=&#8221;76&#8243; padding_bottom=&#8221;40&#8243; z_index=&#8221;&#8221;][vc_column][vc_column_text]<\/p>\n<h2 style=\"text-align: center;\">SOGGLE &amp; Sustainability: Ecologic, economic, social!<\/h2>\n<p>[\/vc_column_text][vc_separator type=&#8221;small&#8221; position=&#8221;center&#8221; color=&#8221;#005e83&#8243; transparency=&#8221;1&#8243; up=&#8221;10&#8243; down=&#8221;25&#8243;][vc_row_inner row_type=&#8221;row&#8221; type=&#8221;grid&#8221; text_align=&#8221;left&#8221; css_animation=&#8221;&#8221;][vc_column_inner][vc_column_text]<\/p>\n<div class=\"page\" title=\"Page 5\">\n<div class=\"section\">\n<div class=\"layoutArea\">\n<div class=\"column\">\n<p style=\"text-align: center;\">Our brand values, <span style=\"color: #005e83;\">multifunctional, stylish, individual, smart, simple<\/span> and <strong><span style=\"color: #005e83;\">sustainable<\/span><\/strong> express our motivation and are re\ufb02ected in all our products.<br \/>\nFor year 21 and ahead we have big plans in the area of sustainability. From the very beginning, we at SOGGLE have understood sustainability not only as environmental sustainability, but also as social responsibility.<\/p>\n<p style=\"text-align: center;\">Our production partners in Sri Lanka therefore also work under the strict criteria of the GSP+ agreement.<\/p>\n<p style=\"text-align: center;\">From the very beginning, SOGGLE has supported the foundation Schneekristalle of the former World Cup ski racer Michaela Gerg. The foundation enables disadvantaged children to ski and to access sports.<\/p>\n<\/div>\n<\/div>\n<\/div>\n<\/div>\n<p>[\/vc_column_text][vc_empty_space height=&#8221;30px&#8221;][\/vc_column_inner][\/vc_row_inner][\/vc_column][\/vc_row][vc_row css_animation=&#8221;&#8221; row_type=&#8221;row&#8221; use_row_as_full_screen_section=&#8221;no&#8221; type=&#8221;grid&#8221; angled_section=&#8221;no&#8221; text_align=&#8221;left&#8221; background_image_as_pattern=&#8221;without_pattern&#8221; z_index=&#8221;&#8221;][vc_column width=&#8221;1\/3&#8243;][vc_single_image image=&#8221;138368&#8243; img_size=&#8221;345&#215;55&#8243; alignment=&#8221;center&#8221; style=&#8221;vc_box_rounded&#8221; qode_css_animation=&#8221;&#8221;][vc_empty_space height=&#8221;30px&#8221;][vc_column_text]<\/p>\n<ul>\n<li style=\"text-align: center;\">product presentation on cardboard<\/li>\n<li style=\"text-align: center;\">No packaging\/ Hangtag re-cycled (single product)<\/li>\n<li style=\"text-align: center;\">packaging made from corn starch (packages of 10)<\/li>\n<\/ul>\n<p>[\/vc_column_text][vc_empty_space height=&#8221;30px&#8221;][vc_column_text]<\/p>\n<p style=\"text-align: center;\"><strong>From winter 21-22:<\/strong><\/p>\n<ul>\n<li style=\"text-align: center;\">recycled fabric<\/li>\n<li style=\"text-align: center;\">recycled label<\/li>\n<li style=\"text-align: center;\">recycled cardboard<\/li>\n<\/ul>\n<p>[\/vc_column_text][vc_empty_space height=&#8221;30px&#8221;][vc_single_image image=&#8221;138618&#8243; img_size=&#8221;full&#8221; alignment=&#8221;center&#8221; style=&#8221;vc_box_rounded&#8221; qode_css_animation=&#8221;&#8221;][vc_empty_space height=&#8221;80px&#8221;][\/vc_column][vc_column width=&#8221;1\/3&#8243;][vc_single_image image=&#8221;138371&#8243; img_size=&#8221;350&#215;55&#8243; alignment=&#8221;center&#8221; style=&#8221;vc_box_rounded&#8221; qode_css_animation=&#8221;&#8221;][vc_empty_space height=&#8221;30px&#8221;][vc_column_text]<\/p>\n<ul>\n<li style=\"text-align: center;\">with our multifunctional lense protectors, the life span of the lenses of ski &amp; sports goggles can be significantly extended<\/li>\n<\/ul>\n<p>&nbsp;<\/p>\n<ul>\n<li style=\"text-align: center;\">all products are washable and reusable<\/li>\n<\/ul>\n<p>[\/vc_column_text][vc_empty_space height=&#8221;80px&#8221;][\/vc_column][vc_column width=&#8221;1\/3&#8243;][vc_single_image image=&#8221;138374&#8243; img_size=&#8221;255&#215;55&#8243; alignment=&#8221;center&#8221; style=&#8221;vc_box_rounded&#8221; qode_css_animation=&#8221;&#8221;][vc_empty_space height=&#8221;30px&#8221;]<div class='qode_image_gallery_no_space light'>\n            <div class='qode_image_gallery_holder' style='height: 200px;'>\n                <ul ><li >\n                    <div style=\"height: 200px; width:265px;\"><img decoding=\"async\" itemprop=\"image\" src=\"https:\/\/soggle.com\/wp-content\/uploads\/2021\/03\/IMG_3914.jpg\" alt=\"\" \/><\/div><\/li><li >\n                    <div style=\"height: 200px; width:229px;\"><img decoding=\"async\" itemprop=\"image\" src=\"https:\/\/soggle.com\/wp-content\/uploads\/2021\/03\/IMG_9302-scaled.jpg\" alt=\"\" \/><\/div><\/li><li >\n                    <div style=\"height: 200px; width:220px;\"><img decoding=\"async\" itemprop=\"image\" src=\"https:\/\/soggle.com\/wp-content\/uploads\/2021\/03\/IMG_3903.jpg\" alt=\"\" \/><\/div><\/li><\/ul>\n          <\/div>\n          <div class='controls'>\n              <a class='prev-slide' href='#'><span><i class='fa fa-angle-left'><\/i><\/span><\/a>\n              <a class='next-slide' href='#'><span><i class='fa fa-angle-right'><\/i><\/span><\/a>\n          <\/div>\n      <\/div>[vc_empty_space height=&#8221;30px&#8221;][vc_single_image image=&#8221;138623&#8243; img_size=&#8221;full&#8221; alignment=&#8221;center&#8221; qode_css_animation=&#8221;&#8221;][vc_single_image image=&#8221;16924&#8243; img_size=&#8221;medium&#8221; alignment=&#8221;center&#8221; qode_css_animation=&#8221;&#8221;][\/vc_column][\/vc_row][vc_row css_animation=&#8221;&#8221; row_type=&#8221;row&#8221; use_row_as_full_screen_section=&#8221;no&#8221; type=&#8221;full_width&#8221; angled_section=&#8221;no&#8221; text_align=&#8221;left&#8221; background_image_as_pattern=&#8221;without_pattern&#8221;][vc_column][vc_empty_space height=&#8221;50px&#8221;][\/vc_column][\/vc_row]<\/p>\n<\/div>","protected":false},"excerpt":{"rendered":"<p>[vc_row css_animation=&#8221;&#8221; row_type=&#8221;row&#8221; use_row_as_full_screen_section=&#8221;no&#8221; type=&#8221;grid&#8221; angled_section=&#8221;no&#8221; text_align=&#8221;left&#8221; background_image_as_pattern=&#8221;without_pattern&#8221; anchor=&#8221;merchandising&#8221; background_color=&#8221;#ffffff&#8221; padding_top=&#8221;76&#8243; padding_bottom=&#8221;40&#8243; z_index=&#8221;&#8221;][vc_column][vc_column_text] SOGGLE &amp; Sustainability: Ecologic, economic, social! [\/vc_column_text][vc_separator type=&#8221;small&#8221; position=&#8221;center&#8221; color=&#8221;#005e83&#8243; transparency=&#8221;1&#8243; up=&#8221;10&#8243; down=&#8221;25&#8243;][vc_row_inner row_type=&#8221;row&#8221; type=&#8221;grid&#8221; text_align=&#8221;left&#8221; css_animation=&#8221;&#8221;][vc_column_inner][vc_column_text] Our brand values, multifunctional, stylish, individual, smart, simple and sustainable express our motivation and are&#8230;<\/p>\n","protected":false},"author":32,"featured_media":0,"parent":0,"menu_order":0,"comment_status":"open","ping_status":"closed","template":"full_width.php","meta":{"_acf_changed":false,"footnotes":""},"class_list":["post-138837","page","type-page","status-publish","hentry"],"acf":[],"yoast_head":"<!-- This site is optimized with the Yoast SEO plugin v27.1.1 - https:\/\/yoast.com\/product\/yoast-seo-wordpress\/ -->\n<title>multifunktionaler Schutz f\u00fcr die Goggle - SOGGLE<\/title>\n<meta name=\"description\" content=\"SOGGLE \u2013 der multifunktionale Schutz f\u00fcr die Goggle - legt Wert auf Nachhaltigkeit: \u00f6kologisch, \u00f6konomisch und sozial\" \/>\n<meta name=\"robots\" content=\"index, follow, max-snippet:-1, max-image-preview:large, max-video-preview:-1\" \/>\n<link rel=\"canonical\" href=\"https:\/\/soggle.com\/en\/sustainability\/\" \/>\n<meta property=\"og:locale\" content=\"en_US\" \/>\n<meta property=\"og:type\" content=\"article\" \/>\n<meta property=\"og:title\" content=\"multifunktionaler Skibrillenschutz f\u00fcr die Goggle - SOGGLE\" \/>\n<meta property=\"og:description\" content=\"SOGGLE \u2013 der multifunktionale Schutz f\u00fcr die Skibrille \/ Goggle: Skibrillenschutz, Brillenputztuch und individueller Style in einem.\" \/>\n<meta property=\"og:url\" content=\"https:\/\/soggle.com\/en\/sustainability\/\" \/>\n<meta property=\"og:site_name\" content=\"SOGGLE\" \/>\n<meta property=\"article:publisher\" content=\"http:\/\/facebook.com\/mysoggle\" \/>\n<meta property=\"article:modified_time\" content=\"2021-03-29T09:24:05+00:00\" \/>\n<meta property=\"og:image\" content=\"https:\/\/soggle.com\/wp-content\/uploads\/2018\/09\/Heaer-f\u00fcr-Social-Media-share-1-1200-x-630.jpg\" \/>\n\t<meta property=\"og:image:width\" content=\"1200\" \/>\n\t<meta property=\"og:image:height\" content=\"630\" \/>\n\t<meta property=\"og:image:type\" content=\"image\/jpeg\" \/>\n<meta name=\"twitter:card\" content=\"summary_large_image\" \/>\n<meta name=\"twitter:label1\" content=\"Est. reading time\" \/>\n\t<meta name=\"twitter:data1\" content=\"2 minutes\" \/>\n<script type=\"application\/ld+json\" class=\"yoast-schema-graph\">{\"@context\":\"https:\/\/schema.org\",\"@graph\":[{\"@type\":\"WebPage\",\"@id\":\"https:\/\/soggle.com\/en\/sustainability\/\",\"url\":\"https:\/\/soggle.com\/en\/sustainability\/\",\"name\":\"multifunktionaler Schutz f\u00fcr die Goggle - SOGGLE\",\"isPartOf\":{\"@id\":\"https:\/\/soggle.com\/#website\"},\"datePublished\":\"2021-03-26T14:45:32+00:00\",\"dateModified\":\"2021-03-29T09:24:05+00:00\",\"description\":\"SOGGLE \u2013 der multifunktionale Schutz f\u00fcr die Goggle - legt Wert auf Nachhaltigkeit: \u00f6kologisch, \u00f6konomisch und sozial\",\"breadcrumb\":{\"@id\":\"https:\/\/soggle.com\/en\/sustainability\/#breadcrumb\"},\"inLanguage\":\"en-US\",\"potentialAction\":[{\"@type\":\"ReadAction\",\"target\":[\"https:\/\/soggle.com\/en\/sustainability\/\"]}]},{\"@type\":\"BreadcrumbList\",\"@id\":\"https:\/\/soggle.com\/en\/sustainability\/#breadcrumb\",\"itemListElement\":[{\"@type\":\"ListItem\",\"position\":1,\"name\":\"Startseite\",\"item\":\"https:\/\/soggle.com\/en\/\"},{\"@type\":\"ListItem\",\"position\":2,\"name\":\"Sustainability\"}]},{\"@type\":\"WebSite\",\"@id\":\"https:\/\/soggle.com\/#website\",\"url\":\"https:\/\/soggle.com\/\",\"name\":\"SOGGLE\",\"description\":\"SOGGLE - multifunktionaler Schutz f\u00fcr die Goggle\",\"publisher\":{\"@id\":\"https:\/\/soggle.com\/#organization\"},\"potentialAction\":[{\"@type\":\"SearchAction\",\"target\":{\"@type\":\"EntryPoint\",\"urlTemplate\":\"https:\/\/soggle.com\/?s={search_term_string}\"},\"query-input\":{\"@type\":\"PropertyValueSpecification\",\"valueRequired\":true,\"valueName\":\"search_term_string\"}}],\"inLanguage\":\"en-US\"},{\"@type\":\"Organization\",\"@id\":\"https:\/\/soggle.com\/#organization\",\"name\":\"SOGGLE GmbH\",\"url\":\"https:\/\/soggle.com\/\",\"logo\":{\"@type\":\"ImageObject\",\"inLanguage\":\"en-US\",\"@id\":\"https:\/\/soggle.com\/#\/schema\/logo\/image\/\",\"url\":\"https:\/\/soggle.com\/wp-content\/uploads\/2018\/06\/Soggle-Logo-Menue.png\",\"contentUrl\":\"https:\/\/soggle.com\/wp-content\/uploads\/2018\/06\/Soggle-Logo-Menue.png\",\"width\":217,\"height\":35,\"caption\":\"SOGGLE GmbH\"},\"image\":{\"@id\":\"https:\/\/soggle.com\/#\/schema\/logo\/image\/\"},\"sameAs\":[\"http:\/\/facebook.com\/mysoggle\",\"http:\/\/instagram.com\/mysoggle\"]}]}<\/script>\n<!-- \/ Yoast SEO plugin. -->","yoast_head_json":{"title":"multifunktionaler Schutz f\u00fcr die Goggle - SOGGLE","description":"SOGGLE \u2013 der multifunktionale Schutz f\u00fcr die Goggle - legt Wert auf Nachhaltigkeit: \u00f6kologisch, \u00f6konomisch und sozial","robots":{"index":"index","follow":"follow","max-snippet":"max-snippet:-1","max-image-preview":"max-image-preview:large","max-video-preview":"max-video-preview:-1"},"canonical":"https:\/\/soggle.com\/en\/sustainability\/","og_locale":"en_US","og_type":"article","og_title":"multifunktionaler Skibrillenschutz f\u00fcr die Goggle - SOGGLE","og_description":"SOGGLE \u2013 der multifunktionale Schutz f\u00fcr die Skibrille \/ Goggle: Skibrillenschutz, Brillenputztuch und individueller Style in einem.","og_url":"https:\/\/soggle.com\/en\/sustainability\/","og_site_name":"SOGGLE","article_publisher":"http:\/\/facebook.com\/mysoggle","article_modified_time":"2021-03-29T09:24:05+00:00","og_image":[{"width":1200,"height":630,"url":"https:\/\/soggle.com\/wp-content\/uploads\/2018\/09\/Heaer-f\u00fcr-Social-Media-share-1-1200-x-630.jpg","type":"image\/jpeg"}],"twitter_card":"summary_large_image","twitter_misc":{"Est. reading time":"2 minutes"},"schema":{"@context":"https:\/\/schema.org","@graph":[{"@type":"WebPage","@id":"https:\/\/soggle.com\/en\/sustainability\/","url":"https:\/\/soggle.com\/en\/sustainability\/","name":"multifunktionaler Schutz f\u00fcr die Goggle - SOGGLE","isPartOf":{"@id":"https:\/\/soggle.com\/#website"},"datePublished":"2021-03-26T14:45:32+00:00","dateModified":"2021-03-29T09:24:05+00:00","description":"SOGGLE \u2013 der multifunktionale Schutz f\u00fcr die Goggle - legt Wert auf Nachhaltigkeit: \u00f6kologisch, \u00f6konomisch und sozial","breadcrumb":{"@id":"https:\/\/soggle.com\/en\/sustainability\/#breadcrumb"},"inLanguage":"en-US","potentialAction":[{"@type":"ReadAction","target":["https:\/\/soggle.com\/en\/sustainability\/"]}]},{"@type":"BreadcrumbList","@id":"https:\/\/soggle.com\/en\/sustainability\/#breadcrumb","itemListElement":[{"@type":"ListItem","position":1,"name":"Startseite","item":"https:\/\/soggle.com\/en\/"},{"@type":"ListItem","position":2,"name":"Sustainability"}]},{"@type":"WebSite","@id":"https:\/\/soggle.com\/#website","url":"https:\/\/soggle.com\/","name":"SOGGLE","description":"SOGGLE - multifunktionaler Schutz f\u00fcr die Goggle","publisher":{"@id":"https:\/\/soggle.com\/#organization"},"potentialAction":[{"@type":"SearchAction","target":{"@type":"EntryPoint","urlTemplate":"https:\/\/soggle.com\/?s={search_term_string}"},"query-input":{"@type":"PropertyValueSpecification","valueRequired":true,"valueName":"search_term_string"}}],"inLanguage":"en-US"},{"@type":"Organization","@id":"https:\/\/soggle.com\/#organization","name":"SOGGLE GmbH","url":"https:\/\/soggle.com\/","logo":{"@type":"ImageObject","inLanguage":"en-US","@id":"https:\/\/soggle.com\/#\/schema\/logo\/image\/","url":"https:\/\/soggle.com\/wp-content\/uploads\/2018\/06\/Soggle-Logo-Menue.png","contentUrl":"https:\/\/soggle.com\/wp-content\/uploads\/2018\/06\/Soggle-Logo-Menue.png","width":217,"height":35,"caption":"SOGGLE GmbH"},"image":{"@id":"https:\/\/soggle.com\/#\/schema\/logo\/image\/"},"sameAs":["http:\/\/facebook.com\/mysoggle","http:\/\/instagram.com\/mysoggle"]}]}},"_links":{"self":[{"href":"https:\/\/soggle.com\/en\/wp-json\/wp\/v2\/pages\/138837","targetHints":{"allow":["GET"]}}],"collection":[{"href":"https:\/\/soggle.com\/en\/wp-json\/wp\/v2\/pages"}],"about":[{"href":"https:\/\/soggle.com\/en\/wp-json\/wp\/v2\/types\/page"}],"author":[{"embeddable":true,"href":"https:\/\/soggle.com\/en\/wp-json\/wp\/v2\/users\/32"}],"replies":[{"embeddable":true,"href":"https:\/\/soggle.com\/en\/wp-json\/wp\/v2\/comments?post=138837"}],"version-history":[{"count":0,"href":"https:\/\/soggle.com\/en\/wp-json\/wp\/v2\/pages\/138837\/revisions"}],"wp:attachment":[{"href":"https:\/\/soggle.com\/en\/wp-json\/wp\/v2\/media?parent=138837"}],"curies":[{"name":"wp","href":"https:\/\/api.w.org\/{rel}","templated":true}]}}